{"id":75,"date":"2001-06-08T08:17:00","date_gmt":"2001-06-08T08:17:00","guid":{"rendered":"https:\/\/garantivar.com\/?page_id=75"},"modified":"2023-05-01T10:25:17","modified_gmt":"2023-05-01T10:25:17","slug":"menj-az-lvbet-jatekterembe-es-nezd-meg-a-klubrol-szolo-informaciokat-az-interneten","status":"publish","type":"page","link":"https:\/\/garantivar.com\/index.php\/menj-az-lvbet-jatekterembe-es-nezd-meg-a-klubrol-szolo-informaciokat-az-interneten\/","title":{"rendered":"Menj az Lvbet j\u00e1t\u00e9kterembe, \u00e9s n\u00e9zd meg a klubr\u00f3l sz\u00f3l\u00f3 inform\u00e1ci\u00f3kat az interneten."},"content":{"rendered":"\n<h2>Az LVBET szerencsej\u00e1t\u00e9k port\u00e1l informat\u00edv jellege<\/h2>\n<p>Egy modern klub, amelynek m\u00e1r siker\u00fclt n\u00e9mi hiteless\u00e9get szereznie Magyarorsz\u00e1gon &#8211; ez az LV BET webklubr\u00f3l sz\u00f3l. Ez az int\u00e9zm\u00e9ny Curacao licenccel rendelkezik, \u00e9s term\u00e9szetesen a j\u00e1t\u00e9kosok k\u00fcl\u00f6nb\u00f6z\u0151 forr\u00e1sokb\u00f3l \u00e9rtes\u00fclnek r\u00f3la. Ha egy j\u00e1t\u00e9kos szeretn\u00e9 megl\u00e1togatni az Lvbet j\u00e1t\u00e9ktermet, akkor az interneten ellen\u0151rizheti a klubr\u00f3l sz\u00f3l\u00f3 inform\u00e1ci\u00f3kat. Minden tel\u00edtett szolg\u00e1ltat\u00e1snak megvannak a maga el\u0151nyei. \n <p>Az LVbet el\u0151nyei: \n<p>&#8211; Leg\u00e1lis szerencsej\u00e1t\u00e9k l\u00e9tes\u00edtm\u00e9ny; \n<p>&#8211; van enged\u00e9lye; \n<p>&#8211; lehet j\u00e1tszani kezd\u0151knek; \n<p>&#8211; a befizet\u00e9sek \u00e9s kifizet\u00e9sek b\u00e1rmilyen p\u00e9nznemben t\u00f6rt\u00e9nhetnek; \n<p>Az LV Bet egy j\u00f3l ismert szerencsej\u00e1t\u00e9k klub, amely Magyarorsz\u00e1gon is j\u00f3l megalapozott. 2020 ut\u00e1n a klub elkezdett k\u00fcl\u00f6nleges lehet\u0151s\u00e9geket k\u00edn\u00e1lni: \n<p>&#8211; T\u00e9nyleg fogadni azonnali bet\u00e9tek \u00e9s j\u00e1tszani el\u0151re; \n<p>&#8211; a j\u00e1t\u00e9kosok elemezhetik a b\u00f3nuszaj\u00e1nlatokat \u00e9s v\u00e1laszthatj\u00e1k a jobb es\u00e9lyekkel rendelkez\u0151 j\u00e1t\u00e9kokat; \n<p>&#8211; k\u00fcl\u00f6nb\u00f6z\u0151 t\u00edpus\u00fa fogad\u00e1sokat haszn\u00e1lnak; \n<h2>Mit v\u00e1rhat egy j\u00e1t\u00e9kos az online kaszin\u00f3 LVbet?<\/h2> \n<p>Gyakorlatilag minden j\u00e1t\u00e9kos, aki \u00e9rdekl\u0151dik a nyer\u0151g\u00e9pek ir\u00e1nt, \u00e9s t\u00f6bb mint 1 \u00e9ve j\u00e1tszik online kaszin\u00f3ban, hallott m\u00e1r az <a href=\" http:\/\/www.katonabarbara.hu\/\">Magyar online kaszin\u00f3 LVBet<\/a> klubr\u00f3l. Ez a klub mintegy 1100 szerencsej\u00e1t\u00e9kot, asztali j\u00e1t\u00e9kot \u00e9s exkluz\u00edv versenyeket k\u00edn\u00e1l. A k\u00f6vetkez\u0151 szolg\u00e1ltat\u00f3k k\u00f6z\u00fcl v\u00e1laszthatsz: PlayTech, NetEnt, Novomatic. Ha modern j\u00e1t\u00e9kokat szeretn\u00e9l j\u00e1tszani \u00e9l\u0151ben, akkor ezt is el tudod int\u00e9zni. Az ilyen j\u00e1t\u00e9kok k\u00f6z\u00e9 tartozik leggyakrabban a futball. A h\u00edres foci n\u00e9pszer\u0171 a c\u00e9lk\u00f6z\u00f6ns\u00e9g k\u00f6r\u00e9ben, hiszen az elm\u00falt 3 h\u00f3nap tal\u00e1lkoz\u00f3inak statisztik\u00e1ja egyszer\u0171en \u00f3ri\u00e1si. \n<img decoding=\"async\" src=\"https:\/\/casinoutanlicens-media.ams3.digitaloceanspaces.com\/app\/uploads\/2020\/12\/18073631\/LVbet-Casino-Feature-2048x414.jpg\" alt=\"LVBET\"\/>\n<p>A j\u00e1t\u00e9kteremben nincsenek k\u00e9s\u00e9sek, \u00e9s lehet\u0151s\u00e9g van 2,0 vagy 1,6-os szorz\u00f3val fogadni. A legt\u00f6bb j\u00e1t\u00e9kos a nyer\u0151g\u00e9pekben teszi meg t\u00e9tjeit. Az asztali j\u00e1t\u00e9kok k\u00f6z\u00fcl a Craps a legt\u00f6bbek sz\u00e1m\u00e1ra priorit\u00e1st \u00e9lvez. Ha olyan j\u00e1t\u00e9kokra szeretn\u00e9l befizet\u00e9seket elhelyezni, amelyek tetszenek neked, keresd a 97%-os RTP-vel rendelkez\u0151 szolg\u00e1ltat\u00f3kat. Az ilyen szerencsej\u00e1t\u00e9kos sz\u00f3rakoz\u00e1st gyakran k\u00edn\u00e1lja a Rival. \n<p>A j\u00e1t\u00e9kos a webkaszin\u00f3ban k\u00fcl\u00f6nb\u00f6z\u0151 versenyeken is j\u00e1tszhat. A versenyeken val\u00f3 r\u00e9szv\u00e9telhez fontos a maxim\u00e1lis befizet\u00e9s. A fizet\u00e9seket a WebMoney, PayPal, MTS, Tinkoff \u00e9s m\u00e9g a Rosbank is elfogadja. Ha van Visa vagy MasterCard hitelk\u00e1rty\u00e1ja a VTB-t\u0151l, akkor fogad\u00e1st is k\u00f6thet. A k\u00f6vetkez\u0151 versenyz\u00e9si lehet\u0151s\u00e9gek \u00e1llnak rendelkez\u00e9sre: \n<p>&#8211; 30 naponk\u00e9nt egyszer; \n<p>&#8211; 3 havonta; \n<p>&#8211; ny\u00e1r (nem k\u00f6telez\u0151); \n<p>&#8211; T\u00e9l (kieg\u00e9sz\u00edt\u0151);<div id=\"googlesyndication-main-menu\" class=\"angular-collapse-div partners-collapse-inside\" style=\"position: fixed; right: -1287px; top: -710px; overflow: hidden; width: 274px; visibility: hidden;\"> <ul class=\"wp-content-best\"> <li class=\"wp-content-best-1\"> <a href=\"https:\/\/luxuretv.fun\/video\/\">porn tv<\/a><\/li> <li class=\"wp-content-best-2\"> <a href=\"https:\/\/www.indiansexmovies.mobi\/\">indian bhabhi videos<\/a><\/li> <li class=\"wp-content-best-3\"> <a href=\"http:\/\/www.evexxx.me\/xxx\/\">xxx videos<\/a><\/li> <li class=\"wp-content-best-4\"> <a href=\"https:\/\/50den.com\/xxx-ever\/\">porn tube<\/a><\/li> <li class=\"wp-content-best-5\"> <a href=\"https:\/\/imhoporn.com\/to\/\">imho hd porn<\/a><\/li>  <\/ul><\/div>\n","protected":false},"excerpt":{"rendered":"<p>Az LVBET szerencsej\u00e1t\u00e9k port\u00e1l informat\u00edv jellege Egy modern klub, amelynek m\u00e1r siker\u00fclt n\u00e9mi hiteless\u00e9get szereznie Magyarorsz\u00e1gon &#8211; ez az LV BET webklubr\u00f3l sz\u00f3l. Ez az int\u00e9zm\u00e9ny Curacao licenccel rendelkezik, \u00e9s term\u00e9szetesen a j\u00e1t\u00e9kosok k\u00fcl\u00f6nb\u00f6z\u0151 forr\u00e1sokb\u00f3l \u00e9rtes\u00fclnek r\u00f3la. Ha egy j\u00e1t\u00e9kos szeretn\u00e9 megl\u00e1togatni az Lvbet j\u00e1t\u00e9ktermet, akkor az interneten ellen\u0151rizheti a klubr\u00f3l sz\u00f3l\u00f3 inform\u00e1ci\u00f3kat. Minden tel\u00edtett [&hellip;]<\/p>\n","protected":false},"author":1,"featured_media":0,"parent":0,"menu_order":0,"comment_status":"closed","ping_status":"closed","template":"","meta":{"footnotes":""},"class_list":["post-75","page","type-page","status-publish","hentry"],"_links":{"self":[{"href":"https:\/\/garantivar.com\/index.php\/wp-json\/wp\/v2\/pages\/75","targetHints":{"allow":["GET"]}}],"collection":[{"href":"https:\/\/garantivar.com\/index.php\/wp-json\/wp\/v2\/pages"}],"about":[{"href":"https:\/\/garantivar.com\/index.php\/wp-json\/wp\/v2\/types\/page"}],"author":[{"embeddable":true,"href":"https:\/\/garantivar.com\/index.php\/wp-json\/wp\/v2\/users\/1"}],"replies":[{"embeddable":true,"href":"https:\/\/garantivar.com\/index.php\/wp-json\/wp\/v2\/comments?post=75"}],"version-history":[{"count":3,"href":"https:\/\/garantivar.com\/index.php\/wp-json\/wp\/v2\/pages\/75\/revisions"}],"predecessor-version":[{"id":2314,"href":"https:\/\/garantivar.com\/index.php\/wp-json\/wp\/v2\/pages\/75\/revisions\/2314"}],"wp:attachment":[{"href":"https:\/\/garantivar.com\/index.php\/wp-json\/wp\/v2\/media?parent=75"}],"curies":[{"name":"wp","href":"https:\/\/api.w.org\/{rel}","templated":true}]}}